{"id":3245,"date":"2018-12-11T14:00:06","date_gmt":"2018-12-11T13:00:06","guid":{"rendered":"http:\/\/solarresearch.org\/wp\/?page_id=3245"},"modified":"2019-02-03T22:52:38","modified_gmt":"2019-02-03T21:52:38","slug":"faq14-antwort","status":"publish","type":"page","link":"https:\/\/solarresearch.org\/wp\/faq14-antwort\/","title":{"rendered":"FAQ#14-Antwort"},"content":{"rendered":"<ul>\n<li style=\"text-align: justify;\"><span style=\"background-color: #ffff99;\"><span style=\"font-size: 14pt; color: #ff0000;\"><strong>#14<\/strong><\/span>\u00a0\u00a0 Warum ist die Behauptung\u00a0 im <a style=\"background-color: #ffff99;\" href=\"http:\/\/archive.is\/yGXRF\" target=\"_blank\" rel=\"noopener\">SRF-Pressetext<\/a> zu \u201eDIE GEHEIMAKTE HOFFMANN\u201c: \u201e<span style=\"color: #ff0000;\"><em>Das Justizministerium Nordrhein-Westfalen wurde auf ihn aufmerksam und legte eine 198-Seiten dicke \u00abGeheimakte\u00bb \u00fcber ihn an.&#8220;<\/em><\/span>\u00a0 eine stark-verk\u00fcrzte Darstellung der Fakten?<\/span><\/li>\n<\/ul>\n<hr \/>\n<p style=\"text-align: justify;\">&#8230;weil <strong>erstens<\/strong>\u00a0 die erw\u00e4hnte &#8222;Geheimakte&#8220; mit dem Aktenzeichen 4121 E-III 372\/98 beim NRW-Justizministerium insgesamt<strong> \u00fcber 500 Seiten stark<\/strong> ist und <strong>zweitens<\/strong> dieser obige Satz und auch der gesamte SRF-Pressetext verschweigt, dass mir 5(!) der 198 als &#8222;GEHEIM&#8220; deklarierten\u00a0 Aktenseiten trotz Geheimhaltung vorliegen.<\/p>\n<p style=\"text-align: justify;\">Nachfolgend eine von mir selbsterstellte <strong>EXCEL-Aufstellung<\/strong> auf Basis der\u00a0<strong><a href=\"https:\/\/solarresearch.org\/wp\/wp-content\/uploads\/2012\/12\/JustizMin_NRW_20091007_Geheimakte_Klenke.pdf\" target=\"_blank\" rel=\"noopener\">5-seitigen Verf\u00fcgung des NRW-Justizministeriums vom 07.10.2009<\/a><\/strong> geheim-deklarierten 198(!) Aktenseiten der Akte 4121 E-III 372\/98:<\/p>\n<p style=\"text-align: justify;\"><a href=\"https:\/\/i0.wp.com\/solarresearch.org\/wp\/wp-content\/uploads\/2018\/12\/Akteneinsicht_Geheimakte_20100817_Excel_Liste.jpg?ssl=1\" target=\"_blank\" rel=\"noopener\"><img data-recalc-dims=\"1\" decoding=\"async\" data-attachment-id=\"3249\" data-permalink=\"https:\/\/solarresearch.org\/wp\/faq14-antwort\/akteneinsicht_geheimakte_20100817_excel_liste\/\" data-orig-file=\"https:\/\/i0.wp.com\/solarresearch.org\/wp\/wp-content\/uploads\/2018\/12\/Akteneinsicht_Geheimakte_20100817_Excel_Liste.jpg?fit=1281%2C733&amp;ssl=1\" data-orig-size=\"1281,733\" data-comments-opened=\"1\" data-image-meta=\"{&quot;aperture&quot;:&quot;0&quot;,&quot;credit&quot;:&quot;&quot;,&quot;camera&quot;:&quot;&quot;,&quot;caption&quot;:&quot;&quot;,&quot;created_timestamp&quot;:&quot;0&quot;,&quot;copyright&quot;:&quot;&quot;,&quot;focal_length&quot;:&quot;0&quot;,&quot;iso&quot;:&quot;0&quot;,&quot;shutter_speed&quot;:&quot;0&quot;,&quot;title&quot;:&quot;&quot;,&quot;orientation&quot;:&quot;0&quot;}\" data-image-title=\"Akteneinsicht_Geheimakte_20100817_Excel_Liste\" data-image-description=\"\" data-image-caption=\"\" data-large-file=\"https:\/\/i0.wp.com\/solarresearch.org\/wp\/wp-content\/uploads\/2018\/12\/Akteneinsicht_Geheimakte_20100817_Excel_Liste.jpg?fit=604%2C346&amp;ssl=1\" class=\"aligncenter wp-image-3249 size-full\" style=\"border: 1px solid #000000;\" src=\"https:\/\/i0.wp.com\/solarresearch.org\/wp\/wp-content\/uploads\/2018\/12\/Akteneinsicht_Geheimakte_20100817_Excel_Liste.jpg?resize=604%2C346&#038;ssl=1\" alt=\"\" width=\"604\" height=\"346\" srcset=\"https:\/\/i0.wp.com\/solarresearch.org\/wp\/wp-content\/uploads\/2018\/12\/Akteneinsicht_Geheimakte_20100817_Excel_Liste.jpg?w=1281&amp;ssl=1 1281w, https:\/\/i0.wp.com\/solarresearch.org\/wp\/wp-content\/uploads\/2018\/12\/Akteneinsicht_Geheimakte_20100817_Excel_Liste.jpg?resize=300%2C172&amp;ssl=1 300w, https:\/\/i0.wp.com\/solarresearch.org\/wp\/wp-content\/uploads\/2018\/12\/Akteneinsicht_Geheimakte_20100817_Excel_Liste.jpg?resize=768%2C439&amp;ssl=1 768w, https:\/\/i0.wp.com\/solarresearch.org\/wp\/wp-content\/uploads\/2018\/12\/Akteneinsicht_Geheimakte_20100817_Excel_Liste.jpg?resize=1024%2C586&amp;ssl=1 1024w, https:\/\/i0.wp.com\/solarresearch.org\/wp\/wp-content\/uploads\/2018\/12\/Akteneinsicht_Geheimakte_20100817_Excel_Liste.jpg?w=1208&amp;ssl=1 1208w\" sizes=\"(max-width: 604px) 100vw, 604px\" \/><\/a>Die EXCEL-Zeile 13 bzw. Pos. 8, weist die Seite 225 bis 236 als &#8222;geheim&#8220; aus.\u00a0 Die als geheim-deklarierten Aktenseiten <strong>225 bis 228 (= 4 Seiten)<\/strong> der Akte 4121 E-III 372\/98 beim NRW-Justizministerium finden Sie aber <a href=\"https:\/\/solarresearch.org\/wp\/wp-content\/uploads\/2018\/12\/Mueggenburg_20041215_Geheimakte_IFG_014.pdf\" target=\"_blank\" rel=\"noopener\">hier<\/a>:<\/p>\n<p><a href=\"https:\/\/solarresearch.org\/wp\/wp-content\/uploads\/2018\/12\/Mueggenburg_20041215_Geheimakte_IFG_014.pdf\" target=\"_blank\" rel=\"noopener\">https:\/\/solarresearch.org\/wp\/wp-content\/uploads\/2018\/12\/Mueggenburg_20041215_Geheimakte_IFG_014.pdf<\/a><\/p>\n<p style=\"text-align: justify;\">Diese vier geheim-deklarierten Aktenseiten sind mir durch meine Akteneinsichtnahme am 30.11.2011 bekannt, weil diese vier eigentlich als &#8222;geheim&#8220;-erkl\u00e4rten Aktenseiten in einer IFG-Akte (IFG = Informationsfreiheitsgesetz) abgelegt waren, die als Beiakte zum Gelsenkirchener Verwaltungsgerichtsverfahren 17 K 3614\/06 geh\u00f6rte.<\/p>\n<p>Die <strong>5<\/strong>. geheim-deklarierte Aktenseiten ist die <strong>Seite 121<\/strong> aus der Akte 4121 E-III 372\/98 beim NRW-Justizministerium, die mir erst seit M\u00e4rz 2013 vorliegt, hier:<\/p>\n<p style=\"text-align: justify;\"><a href=\"https:\/\/solarresearch.org\/wp\/wp-content\/uploads\/2018\/12\/NRW_Justizmin_Bescheid_20021227_Eingang20130313.pdf\" target=\"_blank\" rel=\"noopener\"><img data-recalc-dims=\"1\" decoding=\"async\" data-attachment-id=\"958\" data-permalink=\"https:\/\/solarresearch.org\/wp\/2013\/02\/die-dreiste-luege-seit-2002-der-nrw-juristen\/nrw_justizmin_bescheid_20021227_eingang20130313\/\" data-orig-file=\"https:\/\/i0.wp.com\/solarresearch.org\/wp\/wp-content\/uploads\/2013\/02\/NRW_Justizmin_Bescheid_20021227_Eingang20130313-e1412308147168.jpg?fit=480%2C679&amp;ssl=1\" data-orig-size=\"480,679\" data-comments-opened=\"1\" data-image-meta=\"{&quot;aperture&quot;:&quot;0&quot;,&quot;credit&quot;:&quot;&quot;,&quot;camera&quot;:&quot;&quot;,&quot;caption&quot;:&quot;&quot;,&quot;created_timestamp&quot;:&quot;0&quot;,&quot;copyright&quot;:&quot;&quot;,&quot;focal_length&quot;:&quot;0&quot;,&quot;iso&quot;:&quot;0&quot;,&quot;shutter_speed&quot;:&quot;0&quot;,&quot;title&quot;:&quot;&quot;}\" data-image-title=\"NRW_Justizmin_Bescheid_20021227_Eingang20130313\" data-image-description=\"\" data-image-caption=\"\" data-large-file=\"https:\/\/i0.wp.com\/solarresearch.org\/wp\/wp-content\/uploads\/2013\/02\/NRW_Justizmin_Bescheid_20021227_Eingang20130313-e1412308147168.jpg?fit=604%2C855&amp;ssl=1\" class=\"aligncenter wp-image-958 size-full\" style=\"border: 1px solid #000000;\" src=\"https:\/\/i0.wp.com\/solarresearch.org\/wp\/wp-content\/uploads\/2013\/02\/NRW_Justizmin_Bescheid_20021227_Eingang20130313-e1412308147168.jpg?resize=480%2C679&#038;ssl=1\" alt=\"\" width=\"480\" height=\"679\" \/><\/a>Diese als geheim-deklarierte <strong>Seite 121<\/strong> aus der Akte 4121 E-III 372\/98 ist der argumenative &#8222;Schl\u00fcssel&#8220;, wie die NRW-Juristen in perfider Art und Weise jahrelang zahlreiche &#8222;Nicht-Richter&#8220; mit dem &#8222;Richterprivileg&#8220; (Art. 97 GG) jahrelang straflos gestellt haben und jedweder strafrechtlichen Verfolgung entzogen haben. Denn dieser geheim-deklarierte <a href=\"https:\/\/solarresearch.org\/wp\/wp-content\/uploads\/2018\/12\/NRW_Justizmin_Bescheid_20021227_Eingang20130313.pdf\" target=\"_blank\" rel=\"noopener\">Bescheid vom 27.12.2002<\/a> wird in der Fussnote 7 der ebenfalls geheimdeklarierten <strong>Seite 227<\/strong> argumentativ erw\u00e4hnt.<\/p>\n<p style=\"text-align: justify;\">Durch diese insgesamt <strong>f\u00fcnf geheimdeklarierten Seiten<\/strong> sind direkt und indirekt meine Vow\u00fcrfe beweisbar, die ich in diesen Punkten 1 bis 6 erw\u00e4hnt und aufgelistet habe:<\/p>\n<p><a href=\"https:\/\/i0.wp.com\/solarresearch.org\/wp\/wp-content\/uploads\/2018\/12\/Solarkritik_Information_Geheimakte_20181204_kurz.jpg?ssl=1\" target=\"_blank\" rel=\"noopener\"><img data-recalc-dims=\"1\" decoding=\"async\" data-attachment-id=\"3205\" data-permalink=\"https:\/\/solarresearch.org\/wp\/faq\/solarkritik_information_geheimakte_20181204_kurz\/\" data-orig-file=\"https:\/\/i0.wp.com\/solarresearch.org\/wp\/wp-content\/uploads\/2018\/12\/Solarkritik_Information_Geheimakte_20181204_kurz.jpg?fit=1653%2C1730&amp;ssl=1\" data-orig-size=\"1653,1730\" data-comments-opened=\"1\" data-image-meta=\"{&quot;aperture&quot;:&quot;0&quot;,&quot;credit&quot;:&quot;&quot;,&quot;camera&quot;:&quot;&quot;,&quot;caption&quot;:&quot;&quot;,&quot;created_timestamp&quot;:&quot;0&quot;,&quot;copyright&quot;:&quot;&quot;,&quot;focal_length&quot;:&quot;0&quot;,&quot;iso&quot;:&quot;0&quot;,&quot;shutter_speed&quot;:&quot;0&quot;,&quot;title&quot;:&quot;&quot;,&quot;orientation&quot;:&quot;0&quot;}\" data-image-title=\"Solarkritik_Information_Geheimakte_20181204_kurz\" data-image-description=\"\" data-image-caption=\"\" data-large-file=\"https:\/\/i0.wp.com\/solarresearch.org\/wp\/wp-content\/uploads\/2018\/12\/Solarkritik_Information_Geheimakte_20181204_kurz.jpg?fit=604%2C632&amp;ssl=1\" class=\"aligncenter wp-image-3205 size-full\" style=\"border: 1px solid #000000;\" src=\"https:\/\/i0.wp.com\/solarresearch.org\/wp\/wp-content\/uploads\/2018\/12\/Solarkritik_Information_Geheimakte_20181204_kurz.jpg?resize=604%2C632&#038;ssl=1\" alt=\"\" width=\"604\" height=\"632\" srcset=\"https:\/\/i0.wp.com\/solarresearch.org\/wp\/wp-content\/uploads\/2018\/12\/Solarkritik_Information_Geheimakte_20181204_kurz.jpg?w=1653&amp;ssl=1 1653w, https:\/\/i0.wp.com\/solarresearch.org\/wp\/wp-content\/uploads\/2018\/12\/Solarkritik_Information_Geheimakte_20181204_kurz.jpg?resize=287%2C300&amp;ssl=1 287w, https:\/\/i0.wp.com\/solarresearch.org\/wp\/wp-content\/uploads\/2018\/12\/Solarkritik_Information_Geheimakte_20181204_kurz.jpg?resize=768%2C804&amp;ssl=1 768w, https:\/\/i0.wp.com\/solarresearch.org\/wp\/wp-content\/uploads\/2018\/12\/Solarkritik_Information_Geheimakte_20181204_kurz.jpg?resize=978%2C1024&amp;ssl=1 978w, https:\/\/i0.wp.com\/solarresearch.org\/wp\/wp-content\/uploads\/2018\/12\/Solarkritik_Information_Geheimakte_20181204_kurz.jpg?w=1208&amp;ssl=1 1208w\" sizes=\"(max-width: 604px) 100vw, 604px\" \/><\/a><br \/>\nRecherchieren Sie zus\u00e4tzlich auch im <a href=\"https:\/\/solarresearch.org\/wp\/faq08-antwort\/\" target=\"_blank\" rel=\"noopener\">FAQ#08<\/a> und <a href=\"https:\/\/solarresearch.org\/wp\/faq09-antwort\/\" target=\"_blank\" rel=\"noopener\">FAQ#09<\/a><\/p>\n<p style=\"text-align: justify;\">Vollst\u00e4ndig und korrekt muss der SRF-Pressetext deshalb lauten:<\/p>\n<blockquote>\n<p style=\"text-align: justify; padding-left: 30px;\"><span style=\"color: #0000ff;\">Das Justizministerium Nordrhein-Westfalen wurde auf ihn aufmerksam und legte seit 1998 eine \u00fcber 500 Seiten starke Akte \u00fcber seine eingereichten Kritiken und Recherchen an, wovon per 5-seitiger Verf\u00fcgung des NRW-Justizministeriums im Oktober 2009 insgesamt 198 Seiten &#8211; so w\u00f6rtlich &#8211; als\u00a0 &#8222;geheim&#8220; deklariert worden sind. Da Hoffmann aber insgesamt 5 der 198 als geheim-deklarierten Aktenseiten durch hartn\u00e4ckige Recherchen vorliegen, kann er seine vermeintlich brisanten Vorw\u00fcrfe \u00fcber die Justiz in Nordrhein-Westfalen auch jederzeit beweisen. Hoffmann stellte im Laufe der Jahre fest, dass die &#8222;solare Effizenz-T\u00e4uschung&#8220; mit Solarthermieanlagen deutschlandweit betrieben wurde und fast alle Institutionen aus Politik, Medien, Justiz und Verbraucherschutz \u00fcber diese solare Effizienz-T\u00e4uschung nicht aufkl\u00e4rten.<\/span><\/p>\n<\/blockquote>\n<p>&nbsp;<\/p>\n<hr \/>\n<p>Erstver\u00f6ffentlichung am 11.12.2018, 14Uhr00<br \/>\noptimiert\/aktualisiert am: 03.02.2019, 22Uhr50<\/p>\n","protected":false},"excerpt":{"rendered":"<p>#14\u00a0\u00a0 Warum ist die Behauptung\u00a0 im SRF-Pressetext zu \u201eDIE GEHEIMAKTE HOFFMANN\u201c: \u201eDas Justizministerium Nordrhein-Westfalen wurde auf ihn aufmerksam und legte eine 198-Seiten dicke \u00abGeheimakte\u00bb \u00fcber ihn an.&#8220;\u00a0 eine stark-verk\u00fcrzte Darstellung der Fakten? &#8230;weil erstens\u00a0 die erw\u00e4hnte &#8222;Geheimakte&#8220; mit dem Aktenzeichen 4121 E-III 372\/98 beim NRW-Justizministerium insgesamt \u00fcber 500 Seiten stark ist und zweitens dieser obige &hellip; <a href=\"https:\/\/solarresearch.org\/wp\/faq14-antwort\/\" class=\"more-link\"><span class=\"screen-reader-text\">FAQ#14-Antwort<\/span> weiterlesen <span class=\"meta-nav\">&rarr;<\/span><\/a><\/p>\n","protected":false},"author":5,"featured_media":0,"parent":0,"menu_order":0,"comment_status":"closed","ping_status":"closed","template":"","meta":{"_lmt_disableupdate":"","_lmt_disable":"","jetpack_post_was_ever_published":false,"footnotes":""},"class_list":["post-3245","page","type-page","status-publish","hentry"],"jetpack_sharing_enabled":true,"jetpack_shortlink":"https:\/\/wp.me\/P12nep-Ql","jetpack_likes_enabled":true,"jetpack-related-posts":[{"id":3020,"url":"https:\/\/solarresearch.org\/wp\/faq\/","url_meta":{"origin":3245,"position":0},"title":"FAQ","author":"Redakteur","date":"14. April 2018","format":false,"excerpt":"Zur schnelleren Beantwortung journalistischer Anfragen wurde von mir im April 2018 dieses FAQ (Frequently Asked Questions, h\u00e4ufig gestellte Fragen) eingerichtet. Dieses FAQ beantwortet und belegt u.a. auch meine beweisbaren Behauptungen auf der folgenden A4-Seite: und das FAQ belegt und beantwortet Fragen, die sich wom\u00f6glich trotz meines 23-min\u00fctigen Aufkl\u00e4rungs-Videos aus Juli\u2026","rel":"","context":"\u00c4hnlicher Beitrag","block_context":{"text":"\u00c4hnlicher Beitrag","link":""},"img":{"alt_text":"","src":"https:\/\/i0.wp.com\/solarresearch.org\/wp\/wp-content\/uploads\/2018\/12\/Solarkritik_Information_Geheimakte_20181204_kurz.jpg?resize=350%2C200","width":350,"height":200,"srcset":"https:\/\/i0.wp.com\/solarresearch.org\/wp\/wp-content\/uploads\/2018\/12\/Solarkritik_Information_Geheimakte_20181204_kurz.jpg?resize=350%2C200 1x, https:\/\/i0.wp.com\/solarresearch.org\/wp\/wp-content\/uploads\/2018\/12\/Solarkritik_Information_Geheimakte_20181204_kurz.jpg?resize=525%2C300 1.5x, https:\/\/i0.wp.com\/solarresearch.org\/wp\/wp-content\/uploads\/2018\/12\/Solarkritik_Information_Geheimakte_20181204_kurz.jpg?resize=700%2C400 2x, https:\/\/i0.wp.com\/solarresearch.org\/wp\/wp-content\/uploads\/2018\/12\/Solarkritik_Information_Geheimakte_20181204_kurz.jpg?resize=1050%2C600 3x, https:\/\/i0.wp.com\/solarresearch.org\/wp\/wp-content\/uploads\/2018\/12\/Solarkritik_Information_Geheimakte_20181204_kurz.jpg?resize=1400%2C800 4x"},"classes":[]},{"id":3235,"url":"https:\/\/solarresearch.org\/wp\/faq13-antwort\/","url_meta":{"origin":3245,"position":1},"title":"FAQ#13-Antwort","author":"Redakteur","date":"11. Dezember 2018","format":false,"excerpt":"#13 Warum ist die Behauptung\u00a0 im urspr\u00fcnglichen SRF-Pressetext zu \u201eDIE GEHEIMAKTE HOFFMANN\u201c: \u201eEine Werbeanzeige habe ihm suggeriert, er k\u00f6nne damit seine Energiekosten mehr als halbieren.\u201e, der bereits bei www.teleboy.ch ver\u00f6ffentlicht wurde, bevor der Text vom SRF korrigiert worden ist, sowohl eine verk\u00fcrzte als auch historisch und\u00a0 fach-begrifflich falsche Darstellung der\u2026","rel":"","context":"\u00c4hnlicher Beitrag","block_context":{"text":"\u00c4hnlicher Beitrag","link":""},"img":{"alt_text":"","src":"https:\/\/i0.wp.com\/solarresearch.org\/wp\/wp-content\/uploads\/2018\/12\/SRF_Simon_Christen_Mail_Fragenkatalog_20180411_rotMark.jpg?resize=350%2C200","width":350,"height":200,"srcset":"https:\/\/i0.wp.com\/solarresearch.org\/wp\/wp-content\/uploads\/2018\/12\/SRF_Simon_Christen_Mail_Fragenkatalog_20180411_rotMark.jpg?resize=350%2C200 1x, https:\/\/i0.wp.com\/solarresearch.org\/wp\/wp-content\/uploads\/2018\/12\/SRF_Simon_Christen_Mail_Fragenkatalog_20180411_rotMark.jpg?resize=525%2C300 1.5x, https:\/\/i0.wp.com\/solarresearch.org\/wp\/wp-content\/uploads\/2018\/12\/SRF_Simon_Christen_Mail_Fragenkatalog_20180411_rotMark.jpg?resize=700%2C400 2x, https:\/\/i0.wp.com\/solarresearch.org\/wp\/wp-content\/uploads\/2018\/12\/SRF_Simon_Christen_Mail_Fragenkatalog_20180411_rotMark.jpg?resize=1050%2C600 3x"},"classes":[]},{"id":3268,"url":"https:\/\/solarresearch.org\/wp\/faq15-antwort\/","url_meta":{"origin":3245,"position":2},"title":"FAQ#15-Antwort","author":"Redakteur","date":"11. Dezember 2018","format":false,"excerpt":"#15 Warum ist die Behauptung im urspr\u00fcnglichen SRF-Pressetext zu \"DIE GEHEIMAKTE HOFFMANN\": \"Reporter Simon Christen berichtet \u00fcber einen, dem die deutsche Psychiatrie einen \u00abQuerulantenwahn\u00bb diagnostizierte.\", der bereits bei www.teleboy.ch ver\u00f6ffentlicht worden ist, bevor der Text vom SRF korrigiert worden ist, eine grob-falsche Darstellung der Fakten, was auch angeblich Ihre Pers\u00f6nlichkeitsrechte\u2026","rel":"","context":"\u00c4hnlicher Beitrag","block_context":{"text":"\u00c4hnlicher Beitrag","link":""},"img":{"alt_text":"","src":"https:\/\/i0.wp.com\/solarresearch.org\/wp\/wp-content\/uploads\/2018\/12\/100_7662_Lauterbacher.jpg?resize=350%2C200","width":350,"height":200,"srcset":"https:\/\/i0.wp.com\/solarresearch.org\/wp\/wp-content\/uploads\/2018\/12\/100_7662_Lauterbacher.jpg?resize=350%2C200 1x, https:\/\/i0.wp.com\/solarresearch.org\/wp\/wp-content\/uploads\/2018\/12\/100_7662_Lauterbacher.jpg?resize=525%2C300 1.5x, https:\/\/i0.wp.com\/solarresearch.org\/wp\/wp-content\/uploads\/2018\/12\/100_7662_Lauterbacher.jpg?resize=700%2C400 2x, https:\/\/i0.wp.com\/solarresearch.org\/wp\/wp-content\/uploads\/2018\/12\/100_7662_Lauterbacher.jpg?resize=1050%2C600 3x"},"classes":[]},{"id":3351,"url":"https:\/\/solarresearch.org\/wp\/","url_meta":{"origin":3245,"position":3},"title":"&#8222;DIE GEHEIMAKTE HOFFMANN&#8220;","author":"superho","date":"16. Dezember 2018","format":false,"excerpt":"Hallo und guten Tag, mein Name ist Rainer Hoffmann und ich begr\u00fcsse alle Interessenten, die wegen der Schweizer REPORTER-Sendung \"DIE GEHEIMAKTE HOFFMANN\" seit dem 16.12.2018\u00a0 meinen Blog zu meinem \"Fall Solarkritik\" gefunden haben. Danke f\u00fcr Ihr Interesse !! Bevor Sie mir wom\u00f6glich Fragen zu meinem Fall stellen wollen, recherchieren Sie\u2026","rel":"","context":"\u00c4hnlicher Beitrag","block_context":{"text":"\u00c4hnlicher Beitrag","link":""},"img":{"alt_text":"","src":"https:\/\/i0.wp.com\/solarresearch.org\/wp\/wp-content\/uploads\/2019\/01\/Solarkritiker_Portraet_201807_20190116.jpg?resize=350%2C200","width":350,"height":200,"srcset":"https:\/\/i0.wp.com\/solarresearch.org\/wp\/wp-content\/uploads\/2019\/01\/Solarkritiker_Portraet_201807_20190116.jpg?resize=350%2C200 1x, https:\/\/i0.wp.com\/solarresearch.org\/wp\/wp-content\/uploads\/2019\/01\/Solarkritiker_Portraet_201807_20190116.jpg?resize=525%2C300 1.5x, https:\/\/i0.wp.com\/solarresearch.org\/wp\/wp-content\/uploads\/2019\/01\/Solarkritiker_Portraet_201807_20190116.jpg?resize=700%2C400 2x, https:\/\/i0.wp.com\/solarresearch.org\/wp\/wp-content\/uploads\/2019\/01\/Solarkritiker_Portraet_201807_20190116.jpg?resize=1050%2C600 3x"},"classes":[]},{"id":3295,"url":"https:\/\/solarresearch.org\/wp\/faq16-antwort\/","url_meta":{"origin":3245,"position":4},"title":"FAQ#16-Antwort","author":"Redakteur","date":"11. Dezember 2018","format":false,"excerpt":"#16 Warum ist die folgende Behauptung im SRF-Pressetext zu \"DIE GEHEIMAKTE HOFFMANN\": \"Dass bei solch vollmundigen Versprechungen Skepsis angebracht ist, wurde Hoffmann erst klar, als es schon zu sp\u00e4t war. \" f\u00fcr Sie \u00e4rgerlich und f\u00fcr Sie ebenfalls eine verk\u00fcrzte Darstellung der Tatsachen? ... weil ich sehrwohl ausserordentlich skeptisch gewesen\u2026","rel":"","context":"\u00c4hnlicher Beitrag","block_context":{"text":"\u00c4hnlicher Beitrag","link":""},"img":{"alt_text":"","src":"https:\/\/i0.wp.com\/solarresearch.org\/wp\/wp-content\/uploads\/2018\/12\/GB_Solarerfahrung_Branchenbuch_1997_1998_Stadtarchiv20070608.jpg?resize=350%2C200","width":350,"height":200,"srcset":"https:\/\/i0.wp.com\/solarresearch.org\/wp\/wp-content\/uploads\/2018\/12\/GB_Solarerfahrung_Branchenbuch_1997_1998_Stadtarchiv20070608.jpg?resize=350%2C200 1x, https:\/\/i0.wp.com\/solarresearch.org\/wp\/wp-content\/uploads\/2018\/12\/GB_Solarerfahrung_Branchenbuch_1997_1998_Stadtarchiv20070608.jpg?resize=525%2C300 1.5x, https:\/\/i0.wp.com\/solarresearch.org\/wp\/wp-content\/uploads\/2018\/12\/GB_Solarerfahrung_Branchenbuch_1997_1998_Stadtarchiv20070608.jpg?resize=700%2C400 2x"},"classes":[]},{"id":3307,"url":"https:\/\/solarresearch.org\/wp\/faq18-antwort\/","url_meta":{"origin":3245,"position":5},"title":"FAQ#18-Antwort","author":"Redakteur","date":"11. Dezember 2018","format":false,"excerpt":"#18 Was meinen Sie konkret damit, wenn Sie in der SRF- Pressemitteilung zu \"DIE GEHEIMAKTE HOFFMANN\" den Text kritisieren: \"Inzwischen versteckt er sich in der Schweiz und f\u00fchrt seinen Kampf aus dem Untergrund weiter: Neu auch gegen Klimaforscher, die von einer \u00abgef\u00e4hrlichen Klimaerw\u00e4rmung\u00bb reden. Alles Quatsch, sagt Hoffmann und deckt\u2026","rel":"","context":"\u00c4hnlicher Beitrag","block_context":{"text":"\u00c4hnlicher Beitrag","link":""},"img":{"alt_text":"","src":"https:\/\/i0.wp.com\/www.klimamanifest-von-heiligenroth.de\/wp-content\/uploads\/2028\/02\/Scilogs_Rahmstorf_Klimamanifest_Enquete_Kommentare_20180212_20180221.jpg?resize=350%2C200&ssl=1","width":350,"height":200,"srcset":"https:\/\/i0.wp.com\/www.klimamanifest-von-heiligenroth.de\/wp-content\/uploads\/2028\/02\/Scilogs_Rahmstorf_Klimamanifest_Enquete_Kommentare_20180212_20180221.jpg?resize=350%2C200&ssl=1 1x, https:\/\/i0.wp.com\/www.klimamanifest-von-heiligenroth.de\/wp-content\/uploads\/2028\/02\/Scilogs_Rahmstorf_Klimamanifest_Enquete_Kommentare_20180212_20180221.jpg?resize=525%2C300&ssl=1 1.5x, https:\/\/i0.wp.com\/www.klimamanifest-von-heiligenroth.de\/wp-content\/uploads\/2028\/02\/Scilogs_Rahmstorf_Klimamanifest_Enquete_Kommentare_20180212_20180221.jpg?resize=700%2C400&ssl=1 2x, https:\/\/i0.wp.com\/www.klimamanifest-von-heiligenroth.de\/wp-content\/uploads\/2028\/02\/Scilogs_Rahmstorf_Klimamanifest_Enquete_Kommentare_20180212_20180221.jpg?resize=1050%2C600&ssl=1 3x, https:\/\/i0.wp.com\/www.klimamanifest-von-heiligenroth.de\/wp-content\/uploads\/2028\/02\/Scilogs_Rahmstorf_Klimamanifest_Enquete_Kommentare_20180212_20180221.jpg?resize=1400%2C800&ssl=1 4x"},"classes":[]}],"_links":{"self":[{"href":"https:\/\/solarresearch.org\/wp\/wp-json\/wp\/v2\/pages\/3245","targetHints":{"allow":["GET"]}}],"collection":[{"href":"https:\/\/solarresearch.org\/wp\/wp-json\/wp\/v2\/pages"}],"about":[{"href":"https:\/\/solarresearch.org\/wp\/wp-json\/wp\/v2\/types\/page"}],"author":[{"embeddable":true,"href":"https:\/\/solarresearch.org\/wp\/wp-json\/wp\/v2\/users\/5"}],"replies":[{"embeddable":true,"href":"https:\/\/solarresearch.org\/wp\/wp-json\/wp\/v2\/comments?post=3245"}],"version-history":[{"count":0,"href":"https:\/\/solarresearch.org\/wp\/wp-json\/wp\/v2\/pages\/3245\/revisions"}],"wp:attachment":[{"href":"https:\/\/solarresearch.org\/wp\/wp-json\/wp\/v2\/media?parent=3245"}],"curies":[{"name":"wp","href":"https:\/\/api.w.org\/{rel}","templated":true}]}}